{"id":209,"date":"2020-11-10T16:44:04","date_gmt":"2020-11-10T16:44:04","guid":{"rendered":"http:\/\/domacasemena.com\/?page_id=209"},"modified":"2023-05-31T11:22:28","modified_gmt":"2023-05-31T11:22:28","slug":"knjiga-o-semenih","status":"publish","type":"page","link":"https:\/\/domacasemena.com\/?page_id=209","title":{"rendered":"Knjiga o semenih"},"content":{"rendered":"\n<div class=\"wp-block-media-text alignwide is-stacked-on-mobile\"><figure class=\"wp-block-media-text__media\"><a href=\"https:\/\/domacasemena.com\/?page_id=686\" target=\"_blank\" rel=\"noreferrer noopener\"><img data-recalc-dims=\"1\" loading=\"lazy\" decoding=\"async\" width=\"512\" height=\"800\" data-attachment-id=\"210\" data-permalink=\"https:\/\/domacasemena.com\/?attachment_id=210#main\" data-orig-file=\"https:\/\/i0.wp.com\/domacasemena.com\/wp-content\/uploads\/2020\/11\/naslovnica.png?fit=512%2C800&amp;ssl=1\" data-orig-size=\"512,800\" data-comments-opened=\"1\" data-image-meta=\"{&quot;aperture&quot;:&quot;0&quot;,&quot;credit&quot;:&quot;&quot;,&quot;camera&quot;:&quot;&quot;,&quot;caption&quot;:&quot;&quot;,&quot;created_timestamp&quot;:&quot;0&quot;,&quot;copyright&quot;:&quot;&quot;,&quot;focal_length&quot;:&quot;0&quot;,&quot;iso&quot;:&quot;0&quot;,&quot;shutter_speed&quot;:&quot;0&quot;,&quot;title&quot;:&quot;&quot;,&quot;orientation&quot;:&quot;0&quot;}\" data-image-title=\"naslovnica\" data-image-description=\"\" data-image-caption=\"&lt;p&gt;Knjiga o semenih&lt;\/p&gt;\n\" data-medium-file=\"https:\/\/i0.wp.com\/domacasemena.com\/wp-content\/uploads\/2020\/11\/naslovnica.png?fit=192%2C300&amp;ssl=1\" data-large-file=\"https:\/\/i0.wp.com\/domacasemena.com\/wp-content\/uploads\/2020\/11\/naslovnica.png?fit=512%2C800&amp;ssl=1\" src=\"https:\/\/i0.wp.com\/domacasemena.com\/wp-content\/uploads\/2020\/11\/naslovnica.png?resize=512%2C800&#038;ssl=1\" alt=\"doma\u010da semena\" class=\"wp-image-210 size-full\" srcset=\"https:\/\/i0.wp.com\/domacasemena.com\/wp-content\/uploads\/2020\/11\/naslovnica.png?w=512&amp;ssl=1 512w, https:\/\/i0.wp.com\/domacasemena.com\/wp-content\/uploads\/2020\/11\/naslovnica.png?resize=192%2C300&amp;ssl=1 192w\" sizes=\"auto, (max-width: 512px) 100vw, 512px\" \/><\/a><\/figure><div class=\"wp-block-media-text__content\">\n<p class=\"has-text-align-justify has-medium-font-size\">Podarila bi vam seme, pa ne vem, kdo ste. S semenom bi vam dala \u017eivljenje, pa ne vem, kje ste. Zato vam podarjam te zgodbe, da ustvarite svoja semena \u017eivljenja.<\/p>\n\n\n\n<p class=\"has-medium-font-size\"><\/p>\n\n\n\n<p class=\"has-text-align-justify has-medium-font-size\">Zgodbe vodijo od zelenjave do zelenjave, od semena pa nazaj do semena. Rojevale so se sproti, tako kot sem se \u010dudila \u010dude\u017eem narave, ko je le ta ustvarjala semena. Z leti mi je zelenjavnih vrst za pridelavo semen po\u010dasi zmanjkalo, prostora na vrtu tudi.  \u0160e zmeraj pa vsako leto \u00bbpogruntam\u00ab nekaj novega. Potem pa takole, ko me prime \u017eelja po ustvarjanju, napi\u0161em zgodbo.<\/p>\n\n\n\n<p><\/p>\n\n\n\n<p><\/p>\n\n\n\n<div class=\"wp-block-buttons is-layout-flex wp-block-buttons-is-layout-flex\">\n<div class=\"wp-block-button has-custom-font-size is-style-fill has-medium-font-size\"><a class=\"wp-block-button__link has-black-color has-luminous-vivid-amber-background-color has-text-color has-background wp-element-button\" href=\"https:\/\/domacasemena.com\/?product=knjiga-o-pridelavi-lastnih-semen\" target=\"_blank\" rel=\"noreferrer noopener\">Pridobi dostop do e-knjige<\/a><\/div>\n<\/div>\n\n\n\n<p><\/p>\n\n\n\n<p><\/p>\n\n\n\n<p class=\"has-medium-font-size\">E-knjigo vam po\u0161ljem brezpla\u010dno. Da pa vam bo omogo\u010den dostop prosim, da nekaj malega prispevate za stro\u0161ke obdelave.<\/p>\n<\/div><\/div>\n\n\n\n<p class=\"has-medium-font-size\"><\/p>\n\n\n\n<p class=\"has-text-align-justify has-medium-font-size\">\u017delim vam veliko sre\u010dnih trenutkov, pre\u017eivetih na vrtu in tudi druga\u010de. Vesela bom va\u0161ih izku\u0161enj. \u010cakam vas tu na svojem blogu. <\/p>\n\n\n\n<div class=\"wp-block-buttons has-custom-font-size has-large-font-size is-layout-flex wp-block-buttons-is-layout-flex\">\n<div class=\"wp-block-button has-custom-width wp-block-button__width-25 has-custom-font-size has-medium-font-size\"><a class=\"wp-block-button__link has-black-color has-luminous-vivid-amber-background-color has-text-color has-background wp-element-button\" href=\"https:\/\/domacasemena.com\/?page_id=1514\" style=\"border-radius:100px\" target=\"_blank\" rel=\"noreferrer noopener\">Pi\u0161ite mi<\/a><\/div>\n<\/div>\n\n\n\n<p><\/p>\n\n\n\n<p class=\"has-black-color has-luminous-vivid-amber-background-color has-text-color has-background has-medium-font-size\">A ja, pa \u0161e nekaj. Prosim spo\u0161tujte avtorske pravice. Saj veste kako je s semeni. Kar zrase meni, ni nujno da bo tudi vam in obratno. Zato ne kopirajte, naredite raje po svoje. Hvala. <\/p>\n","protected":false},"excerpt":{"rendered":"<p>\u017delim vam veliko sre\u010dnih trenutkov, pre\u017eivetih na vrtu in tudi druga\u010de. Vesela bom va\u0161ih izku\u0161enj. \u010cakam vas tu na svojem blogu. A ja, pa \u0161e nekaj. Prosim spo\u0161tujte avtorske pravice. Saj veste kako je s semeni. Kar zrase meni, ni nujno da bo tudi vam in obratno. Zato ne kopirajte, naredite raje po svoje. Hvala.<\/p>\n","protected":false},"author":1,"featured_media":0,"parent":0,"menu_order":0,"comment_status":"closed","ping_status":"closed","template":"","meta":{"_s2mail":"yes","advanced_seo_description":"","jetpack_seo_html_title":"","jetpack_seo_noindex":false,"jetpack_post_was_ever_published":false,"footnotes":""},"class_list":["post-209","page","type-page","status-publish","hentry"],"jetpack-related-posts":[],"jetpack_shortlink":"https:\/\/wp.me\/PcxL4t-3n","jetpack_sharing_enabled":true,"jetpack_likes_enabled":true,"_links":{"self":[{"href":"https:\/\/domacasemena.com\/index.php?rest_route=\/wp\/v2\/pages\/209","targetHints":{"allow":["GET"]}}],"collection":[{"href":"https:\/\/domacasemena.com\/index.php?rest_route=\/wp\/v2\/pages"}],"about":[{"href":"https:\/\/domacasemena.com\/index.php?rest_route=\/wp\/v2\/types\/page"}],"author":[{"embeddable":true,"href":"https:\/\/domacasemena.com\/index.php?rest_route=\/wp\/v2\/users\/1"}],"replies":[{"embeddable":true,"href":"https:\/\/domacasemena.com\/index.php?rest_route=%2Fwp%2Fv2%2Fcomments&post=209"}],"version-history":[{"count":25,"href":"https:\/\/domacasemena.com\/index.php?rest_route=\/wp\/v2\/pages\/209\/revisions"}],"predecessor-version":[{"id":1555,"href":"https:\/\/domacasemena.com\/index.php?rest_route=\/wp\/v2\/pages\/209\/revisions\/1555"}],"wp:attachment":[{"href":"https:\/\/domacasemena.com\/index.php?rest_route=%2Fwp%2Fv2%2Fmedia&parent=209"}],"curies":[{"name":"wp","href":"https:\/\/api.w.org\/{rel}","templated":true}]}}