{"id":3,"date":"2020-11-05T16:40:14","date_gmt":"2020-11-05T16:40:14","guid":{"rendered":"http:\/\/domacasemena.com\/?page_id=3"},"modified":"2020-11-12T06:25:42","modified_gmt":"2020-11-12T06:25:42","slug":"privacy-policy","status":"publish","type":"page","link":"https:\/\/domacasemena.com\/?page_id=3","title":{"rendered":"Obvestilo o pi\u0161kotkih"},"content":{"rendered":"\n<h2 class=\"wp-block-heading\">Kaj so pi\u0161kotki?<\/h2>\n\n\n\n<p class=\"has-text-align-justify\">Pi\u0161kotki so male besedilne datoteke, ki jih ve\u010dina spletnih mest shrani v naprave uporabnikov s katerimi dostopajo do interneta z namenom prepoznavanja posameznih naprav, ki so jih uporabniki uporabili pri dostopu. Njihovo shranjevanje je pod popolnim nadzorom brskalnika, ki ga uporablja uporabnik \u2013 ta lahko shranjevanje pi\u0161kotkov po \u017eelji omeji ali onemogo\u010di.<\/p>\n\n\n\n<p class=\"has-text-align-justify\">Pi\u0161kotki so temeljnega pomena za zagotavljanje uporabniku prijaznih spletnih storitev. Najpogostej\u0161e funkcije e-poslovanja ne bi bile mogo\u010de brez pi\u0161kotkov.<\/p>\n\n\n\n<p class=\"has-text-align-justify\">Interakcija med spletnim uporabnikom in spletno stranjo je s pomo\u010djo pi\u0161kotkov hitrej\u0161a in enostavnej\u0161a. Z njihovo pomo\u010djo si spletna stran zapomni posameznikove preference in izku\u0161nje, s tem je prihranjen \u010das, brskanje po spletnih straneh pa je s tem bolj u\u010dinkovito in prijetno.<\/p>\n\n\n\n<h2 class=\"wp-block-heading\">Zakaj spletne strani uporabljajo pi\u0161kotke?<\/h2>\n\n\n\n<p class=\"has-text-align-justify\">Pi\u0161kotke uporablja ve\u010dina spletnih strani, so priro\u010dno sredstvo za ohranjanje sve\u017ee in primerne vsebine, ki je v skladu z interesi in preferencami posameznega spletnega uporabnika. Razlogov za uporabo pi\u0161kotkov je tako ve\u010d, kot prvi gotovo njihova lastnost shranjevanja podatkov o stanju posamezne spletne strani (podrobnosti o prilagoditvah posamezne spletne strani), pomagajo pri izvajanju raznih spletnih storitev (spletne trgovine), pomagajo pri zbiranju raznih statistik, o navadah spletnega uporabnika \u2013 saj se le z njimi lahko spremlja pogostost obiskovanja dolo\u010dene spletne strani.<\/p>\n\n\n\n<p class=\"has-text-align-justify\">Podjetja lahko s pomo\u010djo pi\u0161kotkov ocenijo u\u010dinkovitost zasnove svojih spletnih strani, kot tudi ustreznost vrste in \u0161tevila oglasov, ki jih ponujajo uporabnikom na svojih spletnih straneh.<\/p>\n\n\n\n<h2 class=\"wp-block-heading\">Vrste pi\u0161kotkov<\/h2>\n\n\n\n<p><strong>Nujno potrebni pi\u0161kotki<\/strong><\/p>\n\n\n\n<p class=\"has-text-align-justify\">To so pi\u0161kotki, ki so vedno omogo\u010deni in potrebni, da so osnovne funkcionalnosti strani mogo\u010de. Vklju\u010dujejo pi\u0161kotke, ki omogo\u010dajo, da je va\u0161e brskanje po na\u0161i strani nemoteno, tudi \u010de med brskanjem obi\u0161\u010dete kak\u0161no drugo spletno mesto. Pomagajo, da va\u0161a prijava in odjava poteka nemoteno in gladko hkrati pa pripomore k ve\u010dji varnosti in je v skladu s predpisi.<\/p>\n\n\n\n<p><strong>Izvedbeni in funkcionalni pi\u0161kotki<\/strong><\/p>\n\n\n\n<p class=\"has-text-align-justify\">Ti pi\u0161kotki omogo\u010dajo izbolj\u0161anje funkcionalnosti na\u0161ega spletnega mesta. Omogo\u010dajo, da si spletno mesto zapomni va\u0161e izbrane mo\u017enosti. Pomagajo nam izbolj\u0161ati hitrost delovanja spletnega mesta oz. va\u0161ega brskanja po spletu, pomagajo nam si zapomniti spletna mesta, ki jih uporabljate ve\u010d ter so nam v pomo\u010d pri povezovanju z va\u0161imi socialnimi omre\u017eji. Pomagajo nam ugotoviti npr. katere izdelke na spleti\u0161\u010du bi vam lahko priporo\u010dili po ugodnih cenah. Z odjavo od teh pi\u0161kotkov se bo delovanje brskanja po spleti\u0161\u010du lahko upo\u010dasnilo, oglasna sporo\u010dila ne bodo ustrezna hkrati pa se ne boste mogli u\u010dinkovito povezovati z va\u0161imi socialnimi omre\u017eji Facebook, Twitter in drugimi.<\/p>\n\n\n\n<p><strong>Ciljni ali ogla\u0161evalski pi\u0161kotki<\/strong><\/p>\n\n\n\n<p class=\"has-text-align-justify\">Ti pi\u0161kotki zbirajo informacije, ki zagotavljajo bolj\u0161e prilagajanje ogla\u0161evanja va\u0161im interesom tako na na\u0161ih spleti\u0161\u010dih, kot na spleti\u0161\u010dih izven strani spletna-akademija.si. Pridobljeni podatki so anonimni, kar pomeni, da niso pridobljeni v kakr\u0161nikoli povezavi z va\u0161imi osebnimi podatki, ki ste jih morda zaupali na na\u0161em spleti\u0161\u010du. Z odjavo od teh pi\u0161kotkov, oglasna sporo\u010dila za vas ne bodo ustrezna va\u0161im preferencam.<\/p>\n\n\n\n<p class=\"has-text-align-justify\">S pi\u0161kotki, ki jih uporabljamo, ne sledimo uporabniku preko razli\u010dnih spletnih strani in ne ugotavljamo njegovega obna\u0161anja na le-teh. S pi\u0161kotki zbrane podatke o uporabi na\u0161e spletne strani www.domacasemena.com uporabljamo le za svojo lastno statistiko in izbolj\u0161avo vsebin te spletne strani.<\/p>\n\n\n\n<p>Martina Smolnikar<\/p>\n\n\n\n<p>Kuk 7a, 5243 Podbrdo<\/p>\n\n\n\n<p>https:\/\/domacasemena.com.<\/p>\n\n\n\n<p><\/p>\n","protected":false},"excerpt":{"rendered":"<p>Kaj so pi\u0161kotki? Pi\u0161kotki so male besedilne datoteke, ki jih ve\u010dina spletnih mest shrani v naprave uporabnikov s katerimi dostopajo do interneta z namenom prepoznavanja posameznih naprav, ki so jih uporabniki uporabili pri dostopu. Njihovo shranjevanje je pod popolnim nadzorom brskalnika, ki ga uporablja uporabnik \u2013 ta lahko shranjevanje pi\u0161kotkov po \u017eelji omeji ali onemogo\u010di.&#8230;<\/p>\n<p class=\"more-link\"><a href=\"https:\/\/domacasemena.com\/?page_id=3\"><span>Read More<\/span><i>&#43;<\/i><\/a><\/p>\n","protected":false},"author":1,"featured_media":0,"parent":0,"menu_order":0,"comment_status":"closed","ping_status":"open","template":"","meta":{"_s2mail":"","advanced_seo_description":"","jetpack_seo_html_title":"","jetpack_seo_noindex":false,"jetpack_post_was_ever_published":false,"footnotes":""},"class_list":["post-3","page","type-page","status-publish","hentry"],"jetpack-related-posts":[],"jetpack_shortlink":"https:\/\/wp.me\/PcxL4t-3","jetpack_sharing_enabled":false,"jetpack_likes_enabled":true,"_links":{"self":[{"href":"https:\/\/domacasemena.com\/index.php?rest_route=\/wp\/v2\/pages\/3","targetHints":{"allow":["GET"]}}],"collection":[{"href":"https:\/\/domacasemena.com\/index.php?rest_route=\/wp\/v2\/pages"}],"about":[{"href":"https:\/\/domacasemena.com\/index.php?rest_route=\/wp\/v2\/types\/page"}],"author":[{"embeddable":true,"href":"https:\/\/domacasemena.com\/index.php?rest_route=\/wp\/v2\/users\/1"}],"replies":[{"embeddable":true,"href":"https:\/\/domacasemena.com\/index.php?rest_route=%2Fwp%2Fv2%2Fcomments&post=3"}],"version-history":[{"count":1,"href":"https:\/\/domacasemena.com\/index.php?rest_route=\/wp\/v2\/pages\/3\/revisions"}],"predecessor-version":[{"id":315,"href":"https:\/\/domacasemena.com\/index.php?rest_route=\/wp\/v2\/pages\/3\/revisions\/315"}],"wp:attachment":[{"href":"https:\/\/domacasemena.com\/index.php?rest_route=%2Fwp%2Fv2%2Fmedia&parent=3"}],"curies":[{"name":"wp","href":"https:\/\/api.w.org\/{rel}","templated":true}]}}