{"id":316,"date":"2020-11-12T08:56:20","date_gmt":"2020-11-12T08:56:20","guid":{"rendered":"http:\/\/domacasemena.com\/?page_id=316"},"modified":"2020-11-12T08:56:20","modified_gmt":"2020-11-12T08:56:20","slug":"splosni-pogoji","status":"publish","type":"page","link":"https:\/\/domacasemena.com\/?page_id=316","title":{"rendered":"Splo\u0161ni pogoji"},"content":{"rendered":"\n<h2 class=\"wp-block-heading\">1. Doma\u010da semena<\/h2>\n\n\n\n<p>Spletno stran ureja fizi\u010dna oseba pod osebno znamko Kmet z debelim krompirjem.  Objavljene zgodbe so vse plod lastnih izku\u0161enj pri pridelavi lastnih semen. Namen zgodb je zabavati bralce in cilj spodbujati pridelavo lastnih semen. \u010ce je uspelo meni, lahko tudi vam. <\/p>\n\n\n\n<h2 class=\"wp-block-heading\">2. Storitve in definicije<\/h2>\n\n\n\n<p>Preko spletne strani Doma\u010da semena v osnovi dostopate do naslednjih brezpla\u010dnih storitev:<\/p>\n\n\n\n<ul class=\"wp-block-list\"><li>informacije o pridelavi lastnih semen,<\/li><li>semen,<\/li><li>e-knjige.<\/li><\/ul>\n\n\n\n<h4 class=\"wp-block-heading\">Ponudniki storitev so:<\/h4>\n\n\n\n<ul class=\"wp-block-list\"><li>Martina Smolnikar, Kuk 7a, 5243 Podbrdo<\/li><\/ul>\n\n\n\n<p><strong>Naro\u010dnik, stranka<\/strong><br>Naro\u010dnik ali stranka je vsaka pravna ali fizi\u010dna oseba, ki preko spletnih strani ali na drug ustrezen na\u010din  koristi storitve  (v nadaljevanju naro\u010dnik ali stranka).<\/p>\n\n\n\n<h2 class=\"wp-block-heading\">3. Veljavnost in uporaba splo\u0161nih pogojev<\/h2>\n\n\n\n<p>Splo\u0161ni pogoji ponudnika so zavezujo\u010di za vse uporabnike oziroma stranke, spletne strani, pri \u010demer splo\u0161ne dolo\u010dbe veljajo za vse storitve.<\/p>\n\n\n\n<p>Stranka z uporabo ponudnikovih storitev potrjuje, da je seznanjena s celotno vsebino teh splo\u0161nih pogojev, jih razume in jih v celoti sprejema.<\/p>\n\n\n\n<p>Ponudnik je upravi\u010den spreminjati dolo\u010dila teh splo\u0161nih pogojev brez predhodnega obvestila.<\/p>\n\n\n\n<h2 class=\"wp-block-heading\">4. Cene in komercialni pogoji<\/h2>\n\n\n\n<p>Vse cene na spletni strani so simbolne, zaradi nastavitev spletne strani, so v evrih (\u20ac) in ne vsebujejo davka na dodano vrednost (DDV) \u2013 nisem dav\u010dni zavezanec.<br>Zara\u010dunavam samo stro\u0161ke po\u0161iljanja podarjenih artiklov.  V stro\u0161ke po\u0161iljanja so vklju\u010deni stro\u0161ki: po\u0161tnine, ovojnic, tiskanja in\/ali medijev za prenos e-knjige. Stro\u0161ke storitev se zara\u010dunava kot enkratno pla\u010dilo ob naro\u010dilu brezpla\u010dnih izdelkov.  Stranka dobi brezpla\u010dne izdelke po pla\u010dilu stro\u0161kov po\u0161iljanja. <\/p>\n\n\n\n<p>Stranka je seznanjena in sogla\u0161a, da ima ponudnik pravico, da v primeru strankinega prepla\u010dila, napa\u010dnega ali dvojnega pla\u010dila, ko mora ponudnik nakazovati denar nazaj stranki, stranki zara\u010dunati s tem povezane stro\u0161ke.<br>Stranka je seznanjena, da pla\u010duje samo stro\u0161ke po\u0161iljanja in da ra\u010dun ne bo  izdan. <\/p>\n\n\n\n<p><\/p>\n\n\n\n<h2 class=\"wp-block-heading\">5. Sklenitev, trajanje in prenehanje naro\u010dni\u0161ke pogodbe, na\u010dini pla\u010dila<\/h2>\n\n\n\n<p>Za naro\u010dilo storitev in sklenjeno pogodbo se \u0161teje oddano naro\u010dilo oziroma pla\u010dilo stro\u0161kov po\u0161iljanja za posamezen izdelek. Naro\u010dnik oziroma stranka se z nakupom strinja in sogla\u0161a s temi splo\u0161nimi pogoji. (Strinja se, da so poslani izdelki brezpla\u010dni in pla\u010duje samo stro\u0161ke dostave).<\/p>\n\n\n\n<p>Slike, vsebovane v ponudbi na tem spletnem mestu ali v drugih ponudnikovih gradivih so simboli\u010dne in se stranke nanje v nobenem primeru ne morejo sklicevati ali na njihovi podlagi karkoli terjati od ponudnika.<\/p>\n\n\n\n<p>Pogodbeni stranki lahko kadarkoli in brez odpovednega roka s pisnim obvestilom drugi stranki odstopita od pogodbe.<\/p>\n\n\n\n<p><\/p>\n\n\n\n<h4 class=\"wp-block-heading\">Na\u010dini pla\u010dila stro\u0161kov:<\/h4>\n\n\n\n<ol class=\"wp-block-list\"><li><strong>pla\u010dilo na TRR<\/strong>\u00a0\u2013 pla\u010dilo na transakcijski ra\u010dun ponudnika. Na spletnih straneh https:\/\/domacasemena.com se dolo\u010dene storitve. Po izpolnitvi naro\u010dilnice in oddaje naro\u010dila, je stranka preusmerjena na stran s podatki za pla\u010dilo, isto\u010dasno pa dobi na svoj E-mail potrdilo o naro\u010dilu, kateremu so prav tako prilo\u017eeni podatki za pla\u010dilo.<\/li><\/ol>\n\n\n\n<h4 class=\"wp-block-heading\">Tehni\u010dni postopki za sklenitev pogodbe (naro\u010dilo)<\/h4>\n\n\n\n<p>Kot navedeno, se za sklenitev pogodbe \u0161teje oddaja naro\u010dila, tudi \u010de je poslana vsebina brezpla\u010dna.  Uporabnik oziroma stranka odda naro\u010dilo na posameznih promocijskih straneh s klikom na jasno ozna\u010dene gumbe. Po kliku na gumb za naro\u010dilo je uporabnik preusmerjen na stran s \u2018ko\u0161arico\u2019, kjer je mo\u017eno izbirati koli\u010dino, vpisati kode za popust in podobno. S klikom na gumb za nadaljevanje naro\u010dila je uporabnik preusmerjen na stran, kjer vpi\u0161e svoje podatke, ki so potrebni za naro\u010dilo (ime in priimek, naslov, GSM, E-naslov, mo\u017enost dodatnih opomb). Na isti strani je tudi mo\u017enost izbire med ponujenimi na\u010dini pla\u010dila ter povzetek naro\u010dila, na dni strani pa mora uporabnik ozna\u010diti strinjanje s temi splo\u0161nimi pogoji poslovanja. Naro\u010dilo se zaklju\u010di s klikom na gumb na dnu strani.<\/p>\n\n\n\n<p>Po oddaji naro\u010dila je uporabnik preusmerjen na zaklju\u010dno stran s povzetkom naro\u010dila, isto\u010dasno pa na svoj E-naslov prejme sporo\u010dilo z obvestilom, da je naro\u010dilo v obdelavi ter povzetkom naro\u010dila.<\/p>\n\n\n\n<p>Po prejetem pla\u010dilu prejme uporabnik na svoj E-naslov sporo\u010dilo z obvestilom o zaklju\u010denem naro\u010dilu.<\/p>\n\n\n\n<h4 class=\"wp-block-heading\">Tehni\u010dna sredstva za prepoznavanje in popravo napak pred oddajo naro\u010dila<\/h4>\n\n\n\n<p>V spletni trgovini so omogo\u010dena osnovna sredstva za prepoznavanje in popravo napak pred oddajo naro\u010dila in sicer preverjanje \u010drkovanja, preverjanje ustreznega zapisa E-naslova, na katerega je mo\u017eno kontaktirati kupca v primeru napak pri naro\u010dilu in pa preverjanje lokacije (mesto in dr\u017eava) \u2013 spletna stran deluje le na obmo\u010dju Slovenije.<\/p>\n\n\n\n<h2 class=\"wp-block-heading\">6. Roki za po\u0161iljanje<\/h2>\n\n\n\n<p>Rok za po\u0161iljanje je 7 dni. V primeru vi\u0161je sile se roki za po\u0161iljanje podalj\u0161ajo za \u010das trajanja vi\u0161je sile, pod pogojem, da ponudnik stranko obvesti.<\/p>\n\n\n\n<p><strong>\u010ce naro\u010dnik ne navede pravilnega prevzemnega naslova oz. si premisli in poslanih artiklov ne sprejme ali odpove naro\u010dilo, se stro\u0161kov po\u0161iljanja ne vra\u010da.<\/strong><\/p>\n\n\n\n<h2 class=\"wp-block-heading\">7. Avtorske pravice<\/h2>\n\n\n\n<p>Vse vsebine na spletni strani, teksti in slike so avtorsko delo. Stranka (naro\u010dnik), v nobenem primeru ne more pridobiti nobenih avtorskih pravic na  vsebine. <br>Brez izrecnega pisnega soglasja ponudnika je stranki prepovedano posegati v avtorska dela ponudnika, jih predelovati ali prirejati ter prena\u0161ati pravice na teh delih na tretje osebe.<\/p>\n\n\n\n<p><\/p>\n\n\n\n<h2 class=\"wp-block-heading\">8. Podpora strankam<\/h2>\n\n\n\n<p>Strankam  sem na voljo za vpra\u0161anje tudi na navedenih kontaktnih podatkih. Toda zaradi narave dela morate razumeti, da je to izklju\u010dno moja dobra volja in nisem zavezana, da vam odgovarjam.<\/p>\n\n\n\n<p>Naro\u010dnik z opravljenim naro\u010dilom storitev dovoli ponudniku po\u0161iljanje informacij, obvestil in anketnih vpra\u0161alnikov, ki so neposredno ali posredno povezani s storitvami ponudnika, na e-po\u0161to naro\u010dnika za ves \u010das trajanja pogodbenega razmerja.<\/p>\n\n\n\n<h2 class=\"wp-block-heading\">9. Pravice in obveznosti ponudnika<\/h2>\n\n\n\n<p>Storitve ponudnika so odvisne od splo\u0161nega delovanja omre\u017eja internet. Stranka razume, da je dostopnost stre\u017enikov odvisna od tretjih oseb, ponudnik storitev pa bo naredil vse, kar je v njegovi mo\u010di za neprekinjeno in nemoteno delovanje.<\/p>\n\n\n\n<p>Ponudnik se obvezuje, da bo vse svoje storitve opravljal na profesionalen na\u010din.  Vseeno pa so vse te storitve samo hoby program.<\/p>\n\n\n\n<p>Ponudnik ima pravico uporabiti pozitivne izjave strank, ki jih pridobi preko elektronskih sporo\u010dil in telefonskih razgovorov, v promocijske namene. Ponudnik se zavezuje, da bo podatke anonimiziral in s tem onemogo\u010dil identifikacijo stranke, razen v primeru, ko od stranke pridobi eksplicitno privolitev.<\/p>\n\n\n\n<p>Ponudnik ima pravico uporabiti podatke iz stre\u017eni\u0161kih dnevnikov in drugih virov za analitiko, zaradi izbolj\u0161anja uporabnosti spletne strani ter za nadgradnjo storitev v tr\u017ene namene.<\/p>\n\n\n\n<h2 class=\"wp-block-heading\">10. Izklju\u010ditev in omejitev odgovornosti ponudnika ter odgovornost stranke<\/h2>\n\n\n\n<p><strong>Stranka je seznanjena, da za poslana semena in\/ali priporo\u010dila za pridelavo, ponudnik ne more in ne daje nobene garancije za uspeh. Od semen pa nazaj do semen je namre\u010d predolga pot in na uspeh vpliva ve\u010d dejavnikov na katere ponudnik nima nobenega vpliva<\/strong>.<\/p>\n\n\n\n<p>Ponudnik ni v nobenem primeru odgovoren za \u0161kodo, ki bi pri uporabi njegovih storitev ali v zvezi z njimi nastala stranki. <\/p>\n\n\n\n<p>Ponudnik ni odgovoren za \u0161kodo, ki bi stranki ali z njo povezani osebi nastala zaradi oku\u017eb z virusi ali drugo zlonamerno kodo ali zaradi vdora v ra\u010dunalni\u0161ki oziroma informacijski sistem.<\/p>\n\n\n\n<p>Stranka bo pri uporabi spletnih strani in aplikacij ponudnikov uporabljala najnovej\u0161e razli\u010dice brskalnikov Microsoft Internet Explorer, Google Chrome, Mozilla Firefox, Apple Safari, Opera. V primeru, da stranka ne uporablja najnovej\u0161ih razli\u010dic brskalnikov, ponudnik ni odgovoren za napa\u010dno delovanje ali prikaz strani in aplikacij.<\/p>\n\n\n\n<h2 class=\"wp-block-heading\">11. Pravice in obveznosti naro\u010dnika<\/h2>\n\n\n\n<p>Dovoljeno pa je razmno\u017eevanje semen, njihova ponovna pridelava ter deljenje v \u010dim \u0161ir\u0161em krogu.<\/p>\n\n\n\n<p>Stranka odgovarja za tajnost, za\u0161\u010dito in uporabo dostopnih gesel ter uporabni\u0161kih imen za dostop do storitev za sebe in za svoje uporabnike. Upo\u0161tevati mora tudi obstoje\u010do zakonodajo glede objave in nudenja informacij, servisov in storitev ter odgovarja za vse posledice dovoljene in nedovoljene uporabe naro\u010denih storitev za sebe in za svoje uporabnike.<\/p>\n\n\n\n<h2 class=\"wp-block-heading\">12. Prito\u017ebeni postopki<\/h2>\n\n\n\n<p>V primeru te\u017eav se kupec s ponudnikom lahko pove\u017ee telefonsko ali po elektronski po\u0161ti. <br>Ponudnik se zavezuje, da bo prito\u017eben postopek vodil resno in korektno, ter da se bo (v primeru upravi\u010denosti prito\u017ebe kupca) nemudoma odzval v skladu s temi splo\u0161nimi pogoji in izpolnil svoje obveznosti, ki jih po teh dolo\u010dilih ima do kupca oziroma naro\u010dnika.<\/p>\n\n\n\n<p>Postopek obravnave prito\u017ebe je zaupen.<\/p>\n\n\n\n<h2 class=\"wp-block-heading\">13. Kon\u010dne dolo\u010dbe<\/h2>\n\n\n\n<p>Ponudnik in stranka se zavezujeta spore re\u0161evati po mirni poti. <\/p>\n\n\n\n<p><strong>Martina Smolnikar, Kuk 7a, 5243 Podbrdo<\/strong><\/p>\n\n\n\n<p>Kontaktni podatki<br>T : +386 41 724 815<br>E : mojasemena@gmail.com<br><\/p>\n\n\n\n<p><\/p>\n","protected":false},"excerpt":{"rendered":"<p>1. Doma\u010da semena Spletno stran ureja fizi\u010dna oseba pod osebno znamko Kmet z debelim krompirjem. Objavljene zgodbe so vse plod lastnih izku\u0161enj pri pridelavi lastnih semen. Namen zgodb je zabavati bralce in cilj spodbujati pridelavo lastnih semen. \u010ce je uspelo meni, lahko tudi vam. 2. Storitve in definicije Preko spletne strani Doma\u010da semena v osnovi&#8230;<\/p>\n<p class=\"more-link\"><a href=\"https:\/\/domacasemena.com\/?page_id=316\"><span>Read More<\/span><i>&#43;<\/i><\/a><\/p>\n","protected":false},"author":1,"featured_media":0,"parent":0,"menu_order":0,"comment_status":"closed","ping_status":"closed","template":"","meta":{"_s2mail":"","advanced_seo_description":"","jetpack_seo_html_title":"","jetpack_seo_noindex":false,"jetpack_post_was_ever_published":false,"footnotes":""},"class_list":["post-316","page","type-page","status-publish","hentry"],"jetpack-related-posts":[],"jetpack_shortlink":"https:\/\/wp.me\/PcxL4t-56","jetpack_sharing_enabled":false,"jetpack_likes_enabled":true,"_links":{"self":[{"href":"https:\/\/domacasemena.com\/index.php?rest_route=\/wp\/v2\/pages\/316","targetHints":{"allow":["GET"]}}],"collection":[{"href":"https:\/\/domacasemena.com\/index.php?rest_route=\/wp\/v2\/pages"}],"about":[{"href":"https:\/\/domacasemena.com\/index.php?rest_route=\/wp\/v2\/types\/page"}],"author":[{"embeddable":true,"href":"https:\/\/domacasemena.com\/index.php?rest_route=\/wp\/v2\/users\/1"}],"replies":[{"embeddable":true,"href":"https:\/\/domacasemena.com\/index.php?rest_route=%2Fwp%2Fv2%2Fcomments&post=316"}],"version-history":[{"count":2,"href":"https:\/\/domacasemena.com\/index.php?rest_route=\/wp\/v2\/pages\/316\/revisions"}],"predecessor-version":[{"id":318,"href":"https:\/\/domacasemena.com\/index.php?rest_route=\/wp\/v2\/pages\/316\/revisions\/318"}],"wp:attachment":[{"href":"https:\/\/domacasemena.com\/index.php?rest_route=%2Fwp%2Fv2%2Fmedia&parent=316"}],"curies":[{"name":"wp","href":"https:\/\/api.w.org\/{rel}","templated":true}]}}