{"id":319,"date":"2020-11-12T09:14:03","date_gmt":"2020-11-12T09:14:03","guid":{"rendered":"http:\/\/domacasemena.com\/?page_id=319"},"modified":"2020-11-12T09:17:34","modified_gmt":"2020-11-12T09:17:34","slug":"varovanje-podatkov","status":"publish","type":"page","link":"https:\/\/domacasemena.com\/?page_id=319","title":{"rendered":"Varovanje podatkov"},"content":{"rendered":"\n<h2 class=\"wp-block-heading\">1. Varstvo osebnih podatkov in politika zasebnosti<\/h2>\n\n\n\n<p>Naro\u010dnik se strinja, da ponudnik za namene svojega delovanja zbira in obdeluje njegove osebne podatke.<\/p>\n\n\n\n<p>\u010ce pri zagotavljanju storitev ponudnik za naro\u010dnika obdeluje osebne podatke, se sprejem teh splo\u0161nih pogojev \u0161teje za sklenitev pisne pogodbe o pogodbeni obdelavi osebnih podatkov oz. kot privolitev v zbiranje in obdelovanje osebnih podatkov, v skladu z zahtevami zakonodaje s podro\u010dja varstva osebnih podatkov.<\/p>\n\n\n\n<p>Ponudnik naro\u010dniku zagotavlja nemoten dostop do njegovih podatkov in urejanje le-teh prek uporabni\u0161kih strani.<br>Ponudnik hrani osebne podatke za obdobje, dolo\u010deno z zakonom.<\/p>\n\n\n\n<p>Ponudnik sme opravljati storitve obdelave osebnih podatkov samo v okviru strankinih pooblastil. Ponudnik osebnih podatkov ne sme obdelovati ali druga\u010de uporabljati za noben drug namen, kakor za namen izvajanja storitev s pogodbo med njim in stranko.<\/p>\n\n\n\n<p>Kolikor ni s temi splo\u0161nimi pogoji ali s pogodbo dolo\u010deno druga\u010de, ponudnik ne bo uporabil osebnih podatkov, pridobljenih v okviru izvajanja storitev za stranko, za namene neposrednega tr\u017eenja v svojem imenu in za svoj ra\u010dun ali v imenu in za ra\u010dun tretjih oseb.<\/p>\n\n\n\n<p>Ponudnik ne sme tretjim osebam posredovati strankinih osebnih podatkov, pridobljenih v okviru izvajanja storitev za stranko, in jim tudi ne sme poveriti posameznih opravil v zvezi z obdelavo osebnih podatkov, razen \u010de za to pridobi soglasje stranke.<\/p>\n\n\n\n<h4 class=\"wp-block-heading\">Podatki, ki jih ponudnik pridobi od naro\u010dnika<\/h4>\n\n\n\n<p>Ponudnik potrebuje za nemoteno delovanje in izvajanje ponudbe naslednje naro\u010dnikove podatke:<\/p>\n\n\n\n<p><strong>Ime, priimek in naslov naro\u010dnika<\/strong> &#8211; za po\u0161iljanje<br><strong>E-mail<\/strong>&nbsp;\u2013 naslov elektronske po\u0161te je potreben za po\u0161iljanje ra\u010dunov za opravljene storitve in kreiranje uporabni\u0161kega ra\u010duna za naro\u010dnika, preko katerega dostopa do naro\u010denih vsebin. E-naslov&nbsp;<strong>se koristi tudi za namene, opisane v naslednjem \u010dlenu.<\/strong><br><\/p>\n\n\n\n<h4 class=\"wp-block-heading\">Uporaba in obdelava pridobljenih podatkov<\/h4>\n\n\n\n<p>Ponudnik se zavezuje, da bo vse pridobljene podatke uporabljal in obdeloval izklju\u010dno in samo v skladu z dolo\u010dili in za namene, navedene v teh splo\u0161nih pogojih. Podatki se koristijo za:<\/p>\n\n\n\n<ul class=\"wp-block-list\"><li>po\u0161iljanje,<\/li><li>kreiranje uporabni\u0161kih ra\u010dunov,<\/li><li>komunikacijo ob morebitnih te\u017eavah,<\/li><li>obve\u0161\u010danje in promocijo (glej zadnji \u010dlen \u2018Obve\u0161\u010danje uporabnikov in promocija\u2019)<\/li><\/ul>\n\n\n\n<p>Dostop do vseh navedenih podatkov bo imel izklju\u010dno ponudnik, ki se zavezuje, da bo za varnost podatkov poskrbel v skladu z zakonom in podatkov v nobenem primeru ne bo koristil za druge namene, ki niso navedeni v teh pogojih ali jih posredoval tretjim osebam.<\/p>\n\n\n\n<h4 class=\"wp-block-heading\">Izbris osebnih podatkov<\/h4>\n\n\n\n<p>Stanka lahko zahteva odstranitev oziroma izbris vseh svojih podatkov iz ponudnikovih baz in seznamov tako, da po\u0161lje svojo pisno zahtevo.<\/p>\n\n\n\n<h2 class=\"wp-block-heading\">2. Konkurenca in varovanje podatkov<\/h2>\n\n\n\n<p>Ponudnik in stranka se obvezujeta kot poslovno tajnost varovati vse podatke o drugi stranki, do katerih bosta pri\u0161la pri svojem poslovnem sodelovanju, in sicer ves \u010das sodelovanja ter vsaj \u0161e tri (3) leta po prenehanju veljavnosti pogodbenega razmerja.<\/p>\n\n\n\n<p><\/p>\n\n\n\n<h2 class=\"wp-block-heading\">3. Masovno po\u0161iljanje elektronske po\u0161te (SPAM)<\/h2>\n\n\n\n<p>Po\u0161iljanje sporo\u010dil ve\u010d naslovnikom hkrati je dovoljeno le v primeru, ko naslovniki to \u017eelijo, ko po\u0161iljatelj naslovnika osebno pozna in smatra, da ga poslano sporo\u010dilo ne bo nadlegovalo, ter v primeru, ko naslovnik to \u017eeli s prijavo na po\u0161tni seznam (\u00bbmailing listo\u00ab). Na po\u0161tni seznam so samodejno uvr\u0161\u010deni vsi uporabniki storitev ponudnika, se pa imajo vedno mo\u017enost odjaviti od prejemanja sporo\u010dil.<\/p>\n\n\n\n<p><\/p>\n\n\n\n<h4 class=\"wp-block-heading\">Obve\u0161\u010danje uporabnikov in promocija<\/h4>\n\n\n\n<p>Uporabnik ali oseba, ki se je naro\u010dila na prejemanje e-novic ali drugih elektronskih sporo\u010dil ponudnika, sogla\u0161a, da mu lahko ponudnik po\u0161ilja e-po\u0161tna obvestila, ki se nana\u0161ajo na ponudnikove storitve. <\/p>\n\n\n\n<p>Uporabnik oziroma oseba, ki se je prijavila za prejemanje e-novic ali drugih elektronskih sporo\u010dil ponudnika sogla\u0161a, da mu ponudnik te novice ali druga elektronska sporo\u010dila po\u0161ilja na njegov e-po\u0161tni naslov, ki ga je vpisal ob prijavi, ter da podatke o uporabniku hrani in obdeluje na na\u010din, kot je opredeljen v tem \u010dlenu.<br>Uporabnik je seznanjen in sogla\u0161a, da lahko ponudnik glede poslanih e-po\u0161tnih obvestil bele\u017ei podatke o tem, kateri uporabnik je prebral dolo\u010deno e-po\u0161tno sporo\u010dilo ter katere spletne povezave v sporo\u010dilu je odprl (kliknil). Uporabnik sogla\u0161a, da lahko ponudnik tako pridobljene podatke uporablja za prilagoditev ponudbe in\/ali vsebine bodo\u010dih e-po\u0161tnih obvestil, ki jih po\u0161lje dolo\u010denemu uporabniku.<\/p>\n\n\n\n<p>Stranka se strinja, da lahko ponudnik vse podatke, ki jih zbere v okviru izvajanja storitve za stranko, uporablja za lastne potrebe brez omejitev, vklju\u010dno s tr\u017enimi analizami in prilagajanjem lastnih produktov in storitev ugotovitvam analiz. <\/p>\n\n\n\n<p><strong>Martina Smolnikar, Kuk 7a, 5243 Podbrdo<\/strong><\/p>\n\n\n\n<p>Kontaktni podatki:<br>T : +386 41 472 131<br>E : mojasemena@gmail.com<\/p>\n","protected":false},"excerpt":{"rendered":"<p>1. Varstvo osebnih podatkov in politika zasebnosti Naro\u010dnik se strinja, da ponudnik za namene svojega delovanja zbira in obdeluje njegove osebne podatke. \u010ce pri zagotavljanju storitev ponudnik za naro\u010dnika obdeluje osebne podatke, se sprejem teh splo\u0161nih pogojev \u0161teje za sklenitev pisne pogodbe o pogodbeni obdelavi osebnih podatkov oz. kot privolitev v zbiranje in obdelovanje osebnih&#8230;<\/p>\n<p class=\"more-link\"><a href=\"https:\/\/domacasemena.com\/?page_id=319\"><span>Read More<\/span><i>&#43;<\/i><\/a><\/p>\n","protected":false},"author":1,"featured_media":0,"parent":0,"menu_order":0,"comment_status":"closed","ping_status":"closed","template":"","meta":{"_s2mail":"","advanced_seo_description":"","jetpack_seo_html_title":"","jetpack_seo_noindex":false,"jetpack_post_was_ever_published":false,"footnotes":""},"class_list":["post-319","page","type-page","status-publish","hentry"],"jetpack-related-posts":[],"jetpack_shortlink":"https:\/\/wp.me\/PcxL4t-59","jetpack_sharing_enabled":false,"jetpack_likes_enabled":true,"_links":{"self":[{"href":"https:\/\/domacasemena.com\/index.php?rest_route=\/wp\/v2\/pages\/319","targetHints":{"allow":["GET"]}}],"collection":[{"href":"https:\/\/domacasemena.com\/index.php?rest_route=\/wp\/v2\/pages"}],"about":[{"href":"https:\/\/domacasemena.com\/index.php?rest_route=\/wp\/v2\/types\/page"}],"author":[{"embeddable":true,"href":"https:\/\/domacasemena.com\/index.php?rest_route=\/wp\/v2\/users\/1"}],"replies":[{"embeddable":true,"href":"https:\/\/domacasemena.com\/index.php?rest_route=%2Fwp%2Fv2%2Fcomments&post=319"}],"version-history":[{"count":2,"href":"https:\/\/domacasemena.com\/index.php?rest_route=\/wp\/v2\/pages\/319\/revisions"}],"predecessor-version":[{"id":321,"href":"https:\/\/domacasemena.com\/index.php?rest_route=\/wp\/v2\/pages\/319\/revisions\/321"}],"wp:attachment":[{"href":"https:\/\/domacasemena.com\/index.php?rest_route=%2Fwp%2Fv2%2Fmedia&parent=319"}],"curies":[{"name":"wp","href":"https:\/\/api.w.org\/{rel}","templated":true}]}}