{"id":7,"date":"2020-11-05T16:42:51","date_gmt":"2020-11-05T16:42:51","guid":{"rendered":"http:\/\/domacasemena.com\/?page_id=7"},"modified":"2020-11-16T15:33:58","modified_gmt":"2020-11-16T15:33:58","slug":"vizitka","status":"publish","type":"page","link":"https:\/\/domacasemena.com\/?page_id=7","title":{"rendered":"Kmet z debelim krompirjem"},"content":{"rendered":"\n<p class=\"has-text-align-justify has-medium-font-size\"><strong>Saj poznate tisti slovenski pregovor, ki pravi, da <em>ima neumen kmet najbolj debel krompir<\/em> ali tistega, ki pravi, da tudi <em>slepa kura zrno najde.<\/em><\/strong><\/p>\n\n\n\n<div class=\"wp-block-media-text alignwide is-stacked-on-mobile\"><figure class=\"wp-block-media-text__media\"><img data-recalc-dims=\"1\" loading=\"lazy\" decoding=\"async\" width=\"1024\" height=\"1024\" data-attachment-id=\"416\" data-permalink=\"https:\/\/domacasemena.com\/?attachment_id=416#main\" data-orig-file=\"https:\/\/i0.wp.com\/domacasemena.com\/wp-content\/uploads\/2020\/11\/kmet-1.jpg?fit=1140%2C1140&amp;ssl=1\" data-orig-size=\"1140,1140\" data-comments-opened=\"1\" data-image-meta=\"{&quot;aperture&quot;:&quot;0&quot;,&quot;credit&quot;:&quot;&quot;,&quot;camera&quot;:&quot;&quot;,&quot;caption&quot;:&quot;&quot;,&quot;created_timestamp&quot;:&quot;0&quot;,&quot;copyright&quot;:&quot;&quot;,&quot;focal_length&quot;:&quot;0&quot;,&quot;iso&quot;:&quot;0&quot;,&quot;shutter_speed&quot;:&quot;0&quot;,&quot;title&quot;:&quot;&quot;,&quot;orientation&quot;:&quot;0&quot;}\" data-image-title=\"kmet\" data-image-description=\"\" data-image-caption=\"\" data-medium-file=\"https:\/\/i0.wp.com\/domacasemena.com\/wp-content\/uploads\/2020\/11\/kmet-1.jpg?fit=300%2C300&amp;ssl=1\" data-large-file=\"https:\/\/i0.wp.com\/domacasemena.com\/wp-content\/uploads\/2020\/11\/kmet-1.jpg?fit=1024%2C1024&amp;ssl=1\" src=\"https:\/\/i0.wp.com\/domacasemena.com\/wp-content\/uploads\/2020\/11\/kmet-1.jpg?resize=1024%2C1024&#038;ssl=1\" alt=\"\" class=\"wp-image-416\" srcset=\"https:\/\/i0.wp.com\/domacasemena.com\/wp-content\/uploads\/2020\/11\/kmet-1.jpg?resize=1024%2C1024&amp;ssl=1 1024w, https:\/\/i0.wp.com\/domacasemena.com\/wp-content\/uploads\/2020\/11\/kmet-1.jpg?resize=300%2C300&amp;ssl=1 300w, https:\/\/i0.wp.com\/domacasemena.com\/wp-content\/uploads\/2020\/11\/kmet-1.jpg?resize=150%2C150&amp;ssl=1 150w, https:\/\/i0.wp.com\/domacasemena.com\/wp-content\/uploads\/2020\/11\/kmet-1.jpg?resize=768%2C768&amp;ssl=1 768w, https:\/\/i0.wp.com\/domacasemena.com\/wp-content\/uploads\/2020\/11\/kmet-1.jpg?resize=600%2C600&amp;ssl=1 600w, https:\/\/i0.wp.com\/domacasemena.com\/wp-content\/uploads\/2020\/11\/kmet-1.jpg?resize=100%2C100&amp;ssl=1 100w, https:\/\/i0.wp.com\/domacasemena.com\/wp-content\/uploads\/2020\/11\/kmet-1.jpg?resize=50%2C50&amp;ssl=1 50w, https:\/\/i0.wp.com\/domacasemena.com\/wp-content\/uploads\/2020\/11\/kmet-1.jpg?w=1140&amp;ssl=1 1140w\" sizes=\"auto, (max-width: 1024px) 100vw, 1024px\" \/><\/figure><div class=\"wp-block-media-text__content\">\n<p class=\"has-text-align-justify has-medium-font-size\">Ta kmet sem jaz in to so moje zgodbe o pridelavi lastnih semen. \u017delim jih deliti, da boste videli, kako enostavno je. \u010ce je uspelo meni, potem lahko vsakomur. Mogo\u010de bo prav zaradi teh zgodb ostalo kak\u0161no avtohtono seme ve\u010d in mogo\u010de bo tudi kak\u0161en la\u010den otrok manj.<\/p>\n\n\n\n<p class=\"has-text-align-justify has-medium-font-size\">Naj vam zaupam \u0161e, da sem doma iz tolminskih hribov, iz krajev kjer imamo ravnino pokonci postavljeno. Imam ve\u010d poklicev, ampak poklica kmet med njimi ni. Biologijo sem se u\u010dila samo v osnovni \u0161oli. V lasti nimam niti enega m2 zemlje. Kmetujem na tuji zemlji in \u0161e zmeraj tako kot pred 100 leti. Zelenjava pridelana pri nas bi lahko nosila oznako \u00bbro\u010dno delo\u00ab.<\/p>\n<\/div><\/div>\n\n\n\n<p><\/p>\n\n\n\n<div class=\"wp-block-media-text alignwide has-media-on-the-right is-stacked-on-mobile is-vertically-aligned-center\"><figure class=\"wp-block-media-text__media\"><img data-recalc-dims=\"1\" loading=\"lazy\" decoding=\"async\" width=\"328\" height=\"246\" data-attachment-id=\"191\" data-permalink=\"https:\/\/domacasemena.com\/?attachment_id=191#main\" data-orig-file=\"https:\/\/i0.wp.com\/domacasemena.com\/wp-content\/uploads\/2020\/11\/cropped-kuk-024.jpg?fit=328%2C246&amp;ssl=1\" data-orig-size=\"328,246\" data-comments-opened=\"1\" data-image-meta=\"{&quot;aperture&quot;:&quot;0&quot;,&quot;credit&quot;:&quot;&quot;,&quot;camera&quot;:&quot;&quot;,&quot;caption&quot;:&quot;&quot;,&quot;created_timestamp&quot;:&quot;0&quot;,&quot;copyright&quot;:&quot;&quot;,&quot;focal_length&quot;:&quot;0&quot;,&quot;iso&quot;:&quot;0&quot;,&quot;shutter_speed&quot;:&quot;0&quot;,&quot;title&quot;:&quot;&quot;,&quot;orientation&quot;:&quot;0&quot;}\" data-image-title=\"vas\" data-image-description=\"\" data-image-caption=\"&lt;p&gt;Foto SK vas&lt;\/p&gt;\n\" data-medium-file=\"https:\/\/i0.wp.com\/domacasemena.com\/wp-content\/uploads\/2020\/11\/cropped-kuk-024.jpg?fit=300%2C225&amp;ssl=1\" data-large-file=\"https:\/\/i0.wp.com\/domacasemena.com\/wp-content\/uploads\/2020\/11\/cropped-kuk-024.jpg?fit=328%2C246&amp;ssl=1\" src=\"https:\/\/i0.wp.com\/domacasemena.com\/wp-content\/uploads\/2020\/11\/cropped-kuk-024.jpg?resize=328%2C246\" alt=\"\" class=\"wp-image-191\" srcset=\"https:\/\/i0.wp.com\/domacasemena.com\/wp-content\/uploads\/2020\/11\/cropped-kuk-024.jpg?w=328&amp;ssl=1 328w, https:\/\/i0.wp.com\/domacasemena.com\/wp-content\/uploads\/2020\/11\/cropped-kuk-024.jpg?resize=300%2C225&amp;ssl=1 300w\" sizes=\"auto, (max-width: 328px) 100vw, 328px\" \/><\/figure><div class=\"wp-block-media-text__content\">\n<p class=\"has-text-align-justify has-medium-font-size\">Edina modernizacija je ta, da je v plug\u00a0 vpre\u017een traktor, ampak preko vitla. Za plugom pa mora \u0161e vedno garati \u00bbdec\u00ab na polento, v\u010dasih pa boste videli tudi \u00bbbabo\u00ab.<\/p>\n\n\n\n<p class=\"has-text-align-justify has-medium-font-size\">Z kopanjem po zemlji, sejanjem in sajenjem zelenjave se ukvarjam \u017ee kar vem zase. Vrtnarstvo mi je v veliko sprostitev in zadovoljstvo, danes pa tudi potreba. Zelenjave ne kupujem, razen izjemoma takrat, kadar nekaj ne uspe. O kakovosti doma pridelane zelenjave tudi ni potrebno zgubljati besed.<\/p>\n<\/div><\/div>\n\n\n\n<p><\/p>\n\n\n\n<p class=\"has-text-align-justify has-medium-font-size\"><\/p>\n","protected":false},"excerpt":{"rendered":"<p>Saj poznate tisti slovenski pregovor, ki pravi, da ima neumen kmet najbolj debel krompir ali tistega, ki pravi, da tudi slepa kura zrno najde. Ta kmet sem jaz in to so moje zgodbe o pridelavi lastnih semen. \u017delim jih deliti, da boste videli, kako enostavno je. \u010ce je uspelo meni, potem lahko vsakomur. Mogo\u010de bo&#8230;<\/p>\n<p class=\"more-link\"><a href=\"https:\/\/domacasemena.com\/?page_id=7\"><span>Read More<\/span><i>&#43;<\/i><\/a><\/p>\n","protected":false},"author":1,"featured_media":0,"parent":0,"menu_order":0,"comment_status":"closed","ping_status":"closed","template":"","meta":{"_s2mail":"","advanced_seo_description":"","jetpack_seo_html_title":"","jetpack_seo_noindex":false,"jetpack_post_was_ever_published":false,"footnotes":""},"class_list":["post-7","page","type-page","status-publish","hentry"],"jetpack-related-posts":[],"jetpack_shortlink":"https:\/\/wp.me\/PcxL4t-7","jetpack_sharing_enabled":true,"jetpack_likes_enabled":false,"_links":{"self":[{"href":"https:\/\/domacasemena.com\/index.php?rest_route=\/wp\/v2\/pages\/7","targetHints":{"allow":["GET"]}}],"collection":[{"href":"https:\/\/domacasemena.com\/index.php?rest_route=\/wp\/v2\/pages"}],"about":[{"href":"https:\/\/domacasemena.com\/index.php?rest_route=\/wp\/v2\/types\/page"}],"author":[{"embeddable":true,"href":"https:\/\/domacasemena.com\/index.php?rest_route=\/wp\/v2\/users\/1"}],"replies":[{"embeddable":true,"href":"https:\/\/domacasemena.com\/index.php?rest_route=%2Fwp%2Fv2%2Fcomments&post=7"}],"version-history":[{"count":11,"href":"https:\/\/domacasemena.com\/index.php?rest_route=\/wp\/v2\/pages\/7\/revisions"}],"predecessor-version":[{"id":417,"href":"https:\/\/domacasemena.com\/index.php?rest_route=\/wp\/v2\/pages\/7\/revisions\/417"}],"wp:attachment":[{"href":"https:\/\/domacasemena.com\/index.php?rest_route=%2Fwp%2Fv2%2Fmedia&parent=7"}],"curies":[{"name":"wp","href":"https:\/\/api.w.org\/{rel}","templated":true}]}}