{"id":1602,"date":"2023-10-04T07:29:13","date_gmt":"2023-10-04T07:29:13","guid":{"rendered":"https:\/\/domacasemena.com\/?post_type=product&#038;p=1602"},"modified":"2023-11-05T13:14:13","modified_gmt":"2023-11-05T13:14:13","slug":"acoca-semena","status":"publish","type":"product","link":"https:\/\/domacasemena.com\/?product=acoca-semena","title":{"rendered":"A\u010do\u010da semena"},"content":{"rendered":"","protected":false},"excerpt":{"rendered":"<p><img loading=\"lazy\" decoding=\"async\" class=\"alignright wp-image-1603 size-medium\" src=\"https:\/\/domacasemena.com\/wp-content\/uploads\/2023\/10\/20230921_181955-225x300.jpg\" alt=\"\" width=\"225\" height=\"300\" srcset=\"https:\/\/i0.wp.com\/domacasemena.com\/wp-content\/uploads\/2023\/10\/20230921_181955-scaled.jpg?resize=225%2C300&amp;ssl=1 225w, https:\/\/i0.wp.com\/domacasemena.com\/wp-content\/uploads\/2023\/10\/20230921_181955-scaled.jpg?resize=768%2C1024&amp;ssl=1 768w, https:\/\/i0.wp.com\/domacasemena.com\/wp-content\/uploads\/2023\/10\/20230921_181955-scaled.jpg?resize=113%2C150&amp;ssl=1 113w, https:\/\/i0.wp.com\/domacasemena.com\/wp-content\/uploads\/2023\/10\/20230921_181955-scaled.jpg?resize=1152%2C1536&amp;ssl=1 1152w, https:\/\/i0.wp.com\/domacasemena.com\/wp-content\/uploads\/2023\/10\/20230921_181955-scaled.jpg?resize=1536%2C2048&amp;ssl=1 1536w, https:\/\/i0.wp.com\/domacasemena.com\/wp-content\/uploads\/2023\/10\/20230921_181955-scaled.jpg?resize=600%2C800&amp;ssl=1 600w, https:\/\/i0.wp.com\/domacasemena.com\/wp-content\/uploads\/2023\/10\/20230921_181955-scaled.jpg?w=1920&amp;ssl=1 1920w\" sizes=\"auto, (max-width: 225px) 100vw, 225px\" \/>Ko plod dozori, postane votel, v sredini so \u010drna semena nepravilne oblike. Ko so semena \u010drna, so zrela. Dovolj zreli plodovi se tudi sami odpirajo in semena se izstrelijo dale\u010d naokoli. Vse kar je potrebno, \u010de \u017eelimo semena, je da jih posu\u0161imo in shranimo. Letos je bilo polno plodov, posledi\u010dno imam polno semen. Saj veste, ne morem, da ne bi semena shranjevala. Lahko jih pridete iskat. \u010ce \u017eelite, da vam jih po\u0161ljem, pa poznate postopek. \u010cisto preve\u010d \u010dasa mi to vzame.<\/p>\n","protected":false},"featured_media":1598,"template":"","meta":{"_s2mail":"","advanced_seo_description":"","jetpack_seo_html_title":"","jetpack_seo_noindex":false,"jetpack_post_was_ever_published":false,"jetpack_publicize_message":"","jetpack_publicize_feature_enabled":true,"jetpack_social_post_already_shared":true,"jetpack_social_options":{"image_generator_settings":{"template":"highway","default_image_id":0,"enabled":false},"version":2}},"product_brand":[],"product_cat":[25],"product_tag":[43],"class_list":{"0":"post-1602","1":"product","2":"type-product","3":"status-publish","4":"has-post-thumbnail","6":"product_cat-domaca-semena","7":"product_tag-acoca","8":"product_shipping_class-teza","10":"first","11":"instock","12":"sale","13":"sold-individually","14":"purchasable","15":"product-type-simple"},"jetpack_publicize_connections":[],"jetpack-related-posts":[],"jetpack_sharing_enabled":true,"jetpack_likes_enabled":true,"_links":{"self":[{"href":"https:\/\/domacasemena.com\/index.php?rest_route=\/wp\/v2\/product\/1602","targetHints":{"allow":["GET"]}}],"collection":[{"href":"https:\/\/domacasemena.com\/index.php?rest_route=\/wp\/v2\/product"}],"about":[{"href":"https:\/\/domacasemena.com\/index.php?rest_route=\/wp\/v2\/types\/product"}],"wp:featuredmedia":[{"embeddable":true,"href":"https:\/\/domacasemena.com\/index.php?rest_route=\/wp\/v2\/media\/1598"}],"wp:attachment":[{"href":"https:\/\/domacasemena.com\/index.php?rest_route=%2Fwp%2Fv2%2Fmedia&parent=1602"}],"wp:term":[{"taxonomy":"product_brand","embeddable":true,"href":"https:\/\/domacasemena.com\/index.php?rest_route=%2Fwp%2Fv2%2Fproduct_brand&post=1602"},{"taxonomy":"product_cat","embeddable":true,"href":"https:\/\/domacasemena.com\/index.php?rest_route=%2Fwp%2Fv2%2Fproduct_cat&post=1602"},{"taxonomy":"product_tag","embeddable":true,"href":"https:\/\/domacasemena.com\/index.php?rest_route=%2Fwp%2Fv2%2Fproduct_tag&post=1602"}],"curies":[{"name":"wp","href":"https:\/\/api.w.org\/{rel}","templated":true}]}}