{"id":290,"date":"2020-11-11T18:48:39","date_gmt":"2020-11-11T18:48:39","guid":{"rendered":"http:\/\/domacasemena.com\/?post_type=product&#038;p=290"},"modified":"2021-03-11T14:59:44","modified_gmt":"2021-03-11T14:59:44","slug":"semena-ohrovta","status":"publish","type":"product","link":"https:\/\/domacasemena.com\/?product=semena-ohrovta","title":{"rendered":"Semena ohrovta"},"content":{"rendered":"","protected":false},"excerpt":{"rendered":"[caption id=\"attachment_294\" align=\"alignleft\" width=\"300\"]<img loading=\"lazy\" decoding=\"async\" class=\"size-medium wp-image-294\" src=\"https:\/\/domacasemena.com\/wp-content\/uploads\/2020\/11\/IMG_8304-300x225.jpg\" alt=\"doma\u010da semena\" width=\"300\" height=\"225\" srcset=\"https:\/\/i0.wp.com\/domacasemena.com\/wp-content\/uploads\/2020\/11\/IMG_8304-scaled.jpg?resize=300%2C225&amp;ssl=1 300w, https:\/\/i0.wp.com\/domacasemena.com\/wp-content\/uploads\/2020\/11\/IMG_8304-scaled.jpg?resize=1024%2C768&amp;ssl=1 1024w, https:\/\/i0.wp.com\/domacasemena.com\/wp-content\/uploads\/2020\/11\/IMG_8304-scaled.jpg?resize=768%2C576&amp;ssl=1 768w, https:\/\/i0.wp.com\/domacasemena.com\/wp-content\/uploads\/2020\/11\/IMG_8304-scaled.jpg?resize=1536%2C1152&amp;ssl=1 1536w, https:\/\/i0.wp.com\/domacasemena.com\/wp-content\/uploads\/2020\/11\/IMG_8304-scaled.jpg?resize=2048%2C1536&amp;ssl=1 2048w, https:\/\/i0.wp.com\/domacasemena.com\/wp-content\/uploads\/2020\/11\/IMG_8304-scaled.jpg?resize=600%2C450&amp;ssl=1 600w, https:\/\/i0.wp.com\/domacasemena.com\/wp-content\/uploads\/2020\/11\/IMG_8304-scaled.jpg?w=2280&amp;ssl=1 2280w\" sizes=\"auto, (max-width: 300px) 100vw, 300px\" \/> foto SK semena br\u017eot[\/caption]\n<p>Pri nas temu re\u010demo <em>br\u017eote<\/em>. To je tisti ohrovt, ki ne naredi kompaktne glave. Zrase pa tako, da zasede skoraj m2 povr\u0161ine. \u010cisto prave <em>br\u017eote<\/em> so to, take s katerimi so v\u010dasih hranili kure in pra\u0161i\u010de \u0161e dolgo v zimo. Sredica pa je prav dobra za <em>belo zelje ali kot tudi re\u010dejo po\u0161tokanc, za tenstano zelje. <\/em>Prezimi tudi na prostem. Vzgoja semen je enostavna. Kur nimam, pra\u0161i\u010dev tudi ne, semen pa se je nabralo polno. Ne bom jih porabila.<\/p>\n","protected":false},"featured_media":291,"template":"","meta":{"_s2mail":"","advanced_seo_description":"","jetpack_seo_html_title":"","jetpack_seo_noindex":false,"jetpack_post_was_ever_published":false,"jetpack_publicize_message":"","jetpack_publicize_feature_enabled":true,"jetpack_social_post_already_shared":true,"jetpack_social_options":{"image_generator_settings":{"template":"highway","default_image_id":0,"enabled":false},"version":2}},"product_brand":[],"product_cat":[25],"product_tag":[30],"class_list":{"0":"post-290","1":"product","2":"type-product","3":"status-publish","4":"has-post-thumbnail","6":"product_cat-domaca-semena","7":"product_tag-brzote","8":"product_shipping_class-teza","10":"first","11":"instock","12":"sale","13":"sold-individually","14":"purchasable","15":"product-type-simple"},"jetpack_publicize_connections":[],"jetpack-related-posts":[],"jetpack_sharing_enabled":true,"jetpack_likes_enabled":true,"_links":{"self":[{"href":"https:\/\/domacasemena.com\/index.php?rest_route=\/wp\/v2\/product\/290","targetHints":{"allow":["GET"]}}],"collection":[{"href":"https:\/\/domacasemena.com\/index.php?rest_route=\/wp\/v2\/product"}],"about":[{"href":"https:\/\/domacasemena.com\/index.php?rest_route=\/wp\/v2\/types\/product"}],"wp:featuredmedia":[{"embeddable":true,"href":"https:\/\/domacasemena.com\/index.php?rest_route=\/wp\/v2\/media\/291"}],"wp:attachment":[{"href":"https:\/\/domacasemena.com\/index.php?rest_route=%2Fwp%2Fv2%2Fmedia&parent=290"}],"wp:term":[{"taxonomy":"product_brand","embeddable":true,"href":"https:\/\/domacasemena.com\/index.php?rest_route=%2Fwp%2Fv2%2Fproduct_brand&post=290"},{"taxonomy":"product_cat","embeddable":true,"href":"https:\/\/domacasemena.com\/index.php?rest_route=%2Fwp%2Fv2%2Fproduct_cat&post=290"},{"taxonomy":"product_tag","embeddable":true,"href":"https:\/\/domacasemena.com\/index.php?rest_route=%2Fwp%2Fv2%2Fproduct_tag&post=290"}],"curies":[{"name":"wp","href":"https:\/\/api.w.org\/{rel}","templated":true}]}}